{"id":1614,"date":"2023-05-26T13:57:28","date_gmt":"2023-05-26T18:57:28","guid":{"rendered":"https:\/\/www.dmlawusa.com\/motorcycle-accidents\/"},"modified":"2025-09-04T11:32:12","modified_gmt":"2025-09-04T16:32:12","slug":"abogados-de-accidentes-de-motocicleta","status":"publish","type":"page","link":"https:\/\/www.dmlawusa.com\/es\/abogados-de-lesiones-personales\/abogados-de-accidentes-de-motocicleta\/","title":{"rendered":"Abogados de Accidentes de Motocicleta"},"content":{"rendered":"\n<h1 class=\"wp-block-heading\">Abogados de Accidentes de Motocicleta<\/h1>\n\n\n\n<p>Como motociclista, usted tiene el mismo derecho a manejar en la carretera que cualquier otro conductor. Usted tambi\u00e9n tiene derecho a presentar una reclamaci\u00f3n si sufre lesiones en un accidente causado por la negligencia de otro conductor. Los motociclistas son mucho m\u00e1s vulnerables a sufrir lesiones graves por la naturaleza de sus veh\u00edculos. De hecho, m\u00e1s del 80% de todos los accidentes de motocicleta reportados causan lesiones o la muerte del motociclista.<\/p>\n\n\n\n<p>Incluso en colisiones de bajo impacto, los motociclistas pueden sufrir\u00a0<a href=\"https:\/\/www.dmlawusa.com\/es\/abogados-de-lesiones-personales\/lesiones-catastroficas\/\">lesiones<\/a>\u00a0graves o\u00a0<a href=\"https:\/\/www.dmlawusa.com\/es\/abogados-de-lesiones-personales\/lesiones-catastroficas\/abogados-de-muerte-por-negligencia\/\">muerte\u00a0por negligencia<\/a>. Si usted o un ser querido han resultado heridos en un accidente de motocicleta, nuestros abogados de accidentes de motocicleta en Kansas City, MO pueden ayudarle a proteger sus derechos. En DiPasquale Moore, podemos ayudarle a recibir la compensaci\u00f3n que necesita para pagar gastos m\u00e9dicos imprevistos y recuperar el rumbo de su vida.<\/p>\n\n\n\n<div class=\"wp-block-group has-border-color has-blue-border-color is-layout-flow wp-block-group-is-layout-flow\" style=\"border-width:3px;padding-top:var(--wp--preset--spacing--50);padding-right:var(--wp--preset--spacing--50);padding-bottom:var(--wp--preset--spacing--50);padding-left:var(--wp--preset--spacing--50)\">\n<p class=\"has-text-align-center\"><strong><strong>Llame al&nbsp;(816) 888-7500&nbsp;para recibir una consulta gratuita.<\/strong><\/strong><\/p>\n<\/div>\n\n\n\n<h3 class=\"wp-block-heading has-blue-color has-text-color\">\u00bfQUI\u00c9N Y QU\u00c9 CAUSAN LOS ACCIDENTES DE MOTOCICLETA?<\/h3>\n\n\n\n<p>El 40% de los accidentes de motocicleta son accidentes de un solo veh\u00edculo. Sin embargo, el otro 60% a menudo est\u00e1n causados por otros conductores. Cuando alguien maneja su veh\u00edculo debe tener cuidado de aquellos que lo rodean. Esta responsibilidad de cuidado se mantiene respetando las normas de tr\u00e1fico, manejando con precauci\u00f3n y prestando atenci\u00f3n a lo que les rodea. Si no tienen un cuidado razonable, pueden ser responsables civilmente.<\/p>\n\n\n\n<p><strong>Los comportamientos peligrosos que a menudo causan accidentes de motocicleta son:<\/strong><\/p>\n\n\n\n<ul class=\"wp-block-list\">\n<li>Cambios peligrosos de carril <\/li>\n\n\n\n<li>No comprobar los puntos ciegos<\/li>\n\n\n\n<li>Exceso de velocidad y conducci\u00f3n temeraria<\/li>\n\n\n\n<li><a href=\"https:\/\/www.dmlawusa.com\/es\/abogados-de-lesiones-personales\/abogados-de-accidentes-de-auto\/abogado-de-accidentes-por-conducir-ebrio\/\">Manejar<\/a>&nbsp;bajo los efectos del alcohol o drogas<\/li>\n\n\n\n<li>Errores a la hora de ceder el paso<\/li>\n\n\n\n<li>Conductores distra\u00eddos<\/li>\n<\/ul>\n\n\n\n<p>Si usted ha resultado herido o ha perdido a un ser querido por culpa de la falta de atenci\u00f3n o descuido de otros, ellos deber\u00edan rendir cuentas. Nuestros abogados est\u00e1n aqu\u00ed para ayudarle a obtener la justicia que se merece.<\/p>\n\n\n\n<h3 class=\"wp-block-heading has-blue-color has-text-color\">CUANDO EL SEGURO NO ES SUFICIENTE<\/h3>\n\n\n\n<p>Como el resto de&nbsp;<a href=\"https:\/\/www.dmlawusa.com\/es\/abogados-de-lesiones-personales\/abogados-de-accidentes-de-auto\/\">accidentes&nbsp;de auto<\/a>, las colisiones de motocicleta normalmente son gestionadas por las compa\u00f1\u00edas aseguradoras. Tenga en cuenta que no todas las compa\u00f1\u00edas aseguradoras son iguales. Algunas quieren ayudar y otras tratar\u00e1n de evitar la responsabilidad. Lidiar con compa\u00f1\u00edas aseguradoras o agentes dif\u00edciles puede ser abrumador, pero nuestros abogados de accidentes de motocicleta pueden ahorrarle este estr\u00e9s y hacerlo por usted.<\/p>\n\n\n\n<p>Nuestro equipo puede negociar un acuerdo justo o preparar argumentos s\u00f3lidos en caso de que vayamos a juicio. Reuniremos declaraciones de testigos e informes m\u00e9dicos, investigaremos su accidente y encontraremos maneras innovadoras de desarrollar su caso. Puede que haya un tiempo l\u00edmite para presentar la reclamaci\u00f3n, as\u00ed que trabajaremos de manera efectiva para fortalecer su caso y mejorar sus posibilidades de conseguir una indemnizaci\u00f3n.<\/p>\n\n\n\n<p><strong>Puede que tenga derecho a recibir una indemnizaci\u00f3n por da\u00f1os econ\u00f3micos y no econ\u00f3micos, como:<\/strong><\/p>\n\n\n\n<ul class=\"wp-block-list\">\n<li>Gastos m\u00e9dicos pasados y futuros<\/li>\n\n\n\n<li>Costo de tratamientos de emergencia<\/li>\n\n\n\n<li>P\u00e9rdidas o da\u00f1os materiales<\/li>\n\n\n\n<li>P\u00e9rdida de ingresos pasados y futuros<\/li>\n\n\n\n<li>Dolor y sufrimiento<\/li>\n\n\n\n<li>P\u00e9rdida de compa\u00f1\u00eda o consorcio<\/li>\n\n\n\n<li>Gastos del entierro y funeral<\/li>\n<\/ul>\n\n\n\n<p>Aunque recibir una indemnizaci\u00f3n no va a cambiar lo sucedido, puede ayudarle a recuperar su vida tras una lesi\u00f3n o p\u00e9rdida devastadora. DiPasquale Moore est\u00e1 aqu\u00ed para ayudarle durante todo el proceso.<\/p>\n\n\n\n<div class=\"wp-block-group has-border-color has-blue-border-color is-layout-flow wp-block-group-is-layout-flow\" style=\"border-width:3px;padding-top:var(--wp--preset--spacing--50);padding-right:var(--wp--preset--spacing--50);padding-bottom:var(--wp--preset--spacing--50);padding-left:var(--wp--preset--spacing--50)\">\n<p class=\"has-text-align-center\"><strong><strong><strong>\u00a1No espere!<\/strong> <strong>\u2014 Llame hoy a nuestros abogados de accidentes de motocicleta en Kansas City al&nbsp;(816) 888-7500&nbsp;para recibir una consulta gratis.<\/strong><\/strong><\/strong><\/p>\n<\/div>\n","protected":false},"excerpt":{"rendered":"<p>Abogados de Accidentes de Motocicleta Como motociclista, usted tiene el mismo derecho a manejar en la carretera que&nbsp;&#8230;<\/p>\n","protected":false},"author":1,"featured_media":1441,"parent":1634,"menu_order":0,"comment_status":"closed","ping_status":"closed","template":"page-practice-area","meta":{"_acf_changed":false,"footnotes":""},"class_list":["post-1614","page","type-page","status-publish","has-post-thumbnail","hentry"],"acf":[],"yoast_head":"<!-- This site is optimized with the Yoast SEO plugin v25.4 - https:\/\/yoast.com\/wordpress\/plugins\/seo\/ -->\n<title>Abogado de Accidentes de Motocicleta en Kansas City<\/title>\n<meta name=\"description\" content=\"\u00bfLesionado en un accidente de motocicleta? Llame a nuestros abogados de accidentes de motocicleta en Kansas City, MO para analizar sus opciones en una consulta GRATUITA. Sin recuperaci\u00f3n, sin cargo.\" \/>\n<meta name=\"robots\" content=\"index, follow, max-snippet:-1, max-image-preview:large, max-video-preview:-1\" \/>\n<link rel=\"canonical\" href=\"https:\/\/www.dmlawusa.com\/es\/abogados-de-lesiones-personales\/abogados-de-accidentes-de-motocicleta\/\" \/>\n<meta property=\"og:locale\" content=\"es_ES\" \/>\n<meta property=\"og:type\" content=\"article\" \/>\n<meta property=\"og:title\" content=\"Abogado de Accidentes de Motocicleta en Kansas City\" \/>\n<meta property=\"og:description\" content=\"\u00bfLesionado en un accidente de motocicleta? Llame a nuestros abogados de accidentes de motocicleta en Kansas City, MO para analizar sus opciones en una consulta GRATUITA. Sin recuperaci\u00f3n, sin cargo.\" \/>\n<meta property=\"og:url\" content=\"https:\/\/www.dmlawusa.com\/es\/abogados-de-lesiones-personales\/abogados-de-accidentes-de-motocicleta\/\" \/>\n<meta property=\"og:site_name\" content=\"DM Abogados de Lesiones\" \/>\n<meta property=\"article:modified_time\" content=\"2025-09-04T16:32:12+00:00\" \/>\n<meta property=\"og:image\" content=\"https:\/\/www.dmlawusa.com\/wp-content\/uploads\/2023\/05\/motorcycle-accident.jpg\" \/>\n\t<meta property=\"og:image:width\" content=\"1920\" \/>\n\t<meta property=\"og:image:height\" content=\"600\" \/>\n\t<meta property=\"og:image:type\" content=\"image\/jpeg\" \/>\n<meta name=\"twitter:card\" content=\"summary_large_image\" \/>\n<meta name=\"twitter:label1\" content=\"Tiempo de lectura\" \/>\n\t<meta name=\"twitter:data1\" content=\"3 minutos\" \/>\n<script type=\"application\/ld+json\" class=\"yoast-schema-graph\">{\"@context\":\"https:\/\/schema.org\",\"@graph\":[{\"@type\":\"WebPage\",\"@id\":\"https:\/\/www.dmlawusa.com\/es\/abogados-de-lesiones-personales\/abogados-de-accidentes-de-motocicleta\/\",\"url\":\"https:\/\/www.dmlawusa.com\/es\/abogados-de-lesiones-personales\/abogados-de-accidentes-de-motocicleta\/\",\"name\":\"Abogado de Accidentes de Motocicleta en Kansas City\",\"isPartOf\":{\"@id\":\"https:\/\/www.dmlawusa.com\/es\/#website\"},\"primaryImageOfPage\":{\"@id\":\"https:\/\/www.dmlawusa.com\/es\/abogados-de-lesiones-personales\/abogados-de-accidentes-de-motocicleta\/#primaryimage\"},\"image\":{\"@id\":\"https:\/\/www.dmlawusa.com\/es\/abogados-de-lesiones-personales\/abogados-de-accidentes-de-motocicleta\/#primaryimage\"},\"thumbnailUrl\":\"https:\/\/www.dmlawusa.com\/wp-content\/uploads\/2023\/05\/motorcycle-accident.jpg\",\"datePublished\":\"2023-05-26T18:57:28+00:00\",\"dateModified\":\"2025-09-04T16:32:12+00:00\",\"description\":\"\u00bfLesionado en un accidente de motocicleta? Llame a nuestros abogados de accidentes de motocicleta en Kansas City, MO para analizar sus opciones en una consulta GRATUITA. Sin recuperaci\u00f3n, sin cargo.\",\"breadcrumb\":{\"@id\":\"https:\/\/www.dmlawusa.com\/es\/abogados-de-lesiones-personales\/abogados-de-accidentes-de-motocicleta\/#breadcrumb\"},\"inLanguage\":\"es\",\"potentialAction\":[{\"@type\":\"ReadAction\",\"target\":[\"https:\/\/www.dmlawusa.com\/es\/abogados-de-lesiones-personales\/abogados-de-accidentes-de-motocicleta\/\"]}]},{\"@type\":\"ImageObject\",\"inLanguage\":\"es\",\"@id\":\"https:\/\/www.dmlawusa.com\/es\/abogados-de-lesiones-personales\/abogados-de-accidentes-de-motocicleta\/#primaryimage\",\"url\":\"https:\/\/www.dmlawusa.com\/wp-content\/uploads\/2023\/05\/motorcycle-accident.jpg\",\"contentUrl\":\"https:\/\/www.dmlawusa.com\/wp-content\/uploads\/2023\/05\/motorcycle-accident.jpg\",\"width\":1920,\"height\":600,\"caption\":\"motorcycle accident\"},{\"@type\":\"BreadcrumbList\",\"@id\":\"https:\/\/www.dmlawusa.com\/es\/abogados-de-lesiones-personales\/abogados-de-accidentes-de-motocicleta\/#breadcrumb\",\"itemListElement\":[{\"@type\":\"ListItem\",\"position\":1,\"name\":\"Home\",\"item\":\"https:\/\/www.dmlawusa.com\/es\/\"},{\"@type\":\"ListItem\",\"position\":2,\"name\":\"Abogados de Lesiones Personales\",\"item\":\"https:\/\/www.dmlawusa.com\/es\/abogados-de-lesiones-personales\/\"},{\"@type\":\"ListItem\",\"position\":3,\"name\":\"Abogados de Accidentes de Motocicleta\"}]},{\"@type\":\"WebSite\",\"@id\":\"https:\/\/www.dmlawusa.com\/es\/#website\",\"url\":\"https:\/\/www.dmlawusa.com\/es\/\",\"name\":\"DM Abogados de Lesiones\",\"description\":\"Personal Injury Attorneys\",\"publisher\":{\"@id\":\"https:\/\/www.dmlawusa.com\/es\/#organization\"},\"potentialAction\":[{\"@type\":\"SearchAction\",\"target\":{\"@type\":\"EntryPoint\",\"urlTemplate\":\"https:\/\/www.dmlawusa.com\/es\/?s={search_term_string}\"},\"query-input\":{\"@type\":\"PropertyValueSpecification\",\"valueRequired\":true,\"valueName\":\"search_term_string\"}}],\"inLanguage\":\"es\"},{\"@type\":\"Organization\",\"@id\":\"https:\/\/www.dmlawusa.com\/es\/#organization\",\"name\":\"DM Abogados de Lesiones\",\"url\":\"https:\/\/www.dmlawusa.com\/es\/\",\"logo\":{\"@type\":\"ImageObject\",\"inLanguage\":\"es\",\"@id\":\"https:\/\/www.dmlawusa.com\/es\/#\/schema\/logo\/image\/\",\"url\":\"https:\/\/www.dmlawusa.com\/wp-content\/uploads\/2024\/04\/DM_Injury-Law_5EB3E5-Reverse-V2-768x143-1.png\",\"contentUrl\":\"https:\/\/www.dmlawusa.com\/wp-content\/uploads\/2024\/04\/DM_Injury-Law_5EB3E5-Reverse-V2-768x143-1.png\",\"width\":768,\"height\":143,\"caption\":\"DM Abogados de Lesiones\"},\"image\":{\"@id\":\"https:\/\/www.dmlawusa.com\/es\/#\/schema\/logo\/image\/\"}}]}<\/script>\n<!-- \/ Yoast SEO plugin. -->","yoast_head_json":{"title":"Abogado de Accidentes de Motocicleta en Kansas City","description":"\u00bfLesionado en un accidente de motocicleta? Llame a nuestros abogados de accidentes de motocicleta en Kansas City, MO para analizar sus opciones en una consulta GRATUITA. Sin recuperaci\u00f3n, sin cargo.","robots":{"index":"index","follow":"follow","max-snippet":"max-snippet:-1","max-image-preview":"max-image-preview:large","max-video-preview":"max-video-preview:-1"},"canonical":"https:\/\/www.dmlawusa.com\/es\/abogados-de-lesiones-personales\/abogados-de-accidentes-de-motocicleta\/","og_locale":"es_ES","og_type":"article","og_title":"Abogado de Accidentes de Motocicleta en Kansas City","og_description":"\u00bfLesionado en un accidente de motocicleta? Llame a nuestros abogados de accidentes de motocicleta en Kansas City, MO para analizar sus opciones en una consulta GRATUITA. Sin recuperaci\u00f3n, sin cargo.","og_url":"https:\/\/www.dmlawusa.com\/es\/abogados-de-lesiones-personales\/abogados-de-accidentes-de-motocicleta\/","og_site_name":"DM Abogados de Lesiones","article_modified_time":"2025-09-04T16:32:12+00:00","og_image":[{"width":1920,"height":600,"url":"https:\/\/www.dmlawusa.com\/wp-content\/uploads\/2023\/05\/motorcycle-accident.jpg","type":"image\/jpeg"}],"twitter_card":"summary_large_image","twitter_misc":{"Tiempo de lectura":"3 minutos"},"schema":{"@context":"https:\/\/schema.org","@graph":[{"@type":"WebPage","@id":"https:\/\/www.dmlawusa.com\/es\/abogados-de-lesiones-personales\/abogados-de-accidentes-de-motocicleta\/","url":"https:\/\/www.dmlawusa.com\/es\/abogados-de-lesiones-personales\/abogados-de-accidentes-de-motocicleta\/","name":"Abogado de Accidentes de Motocicleta en Kansas City","isPartOf":{"@id":"https:\/\/www.dmlawusa.com\/es\/#website"},"primaryImageOfPage":{"@id":"https:\/\/www.dmlawusa.com\/es\/abogados-de-lesiones-personales\/abogados-de-accidentes-de-motocicleta\/#primaryimage"},"image":{"@id":"https:\/\/www.dmlawusa.com\/es\/abogados-de-lesiones-personales\/abogados-de-accidentes-de-motocicleta\/#primaryimage"},"thumbnailUrl":"https:\/\/www.dmlawusa.com\/wp-content\/uploads\/2023\/05\/motorcycle-accident.jpg","datePublished":"2023-05-26T18:57:28+00:00","dateModified":"2025-09-04T16:32:12+00:00","description":"\u00bfLesionado en un accidente de motocicleta? Llame a nuestros abogados de accidentes de motocicleta en Kansas City, MO para analizar sus opciones en una consulta GRATUITA. Sin recuperaci\u00f3n, sin cargo.","breadcrumb":{"@id":"https:\/\/www.dmlawusa.com\/es\/abogados-de-lesiones-personales\/abogados-de-accidentes-de-motocicleta\/#breadcrumb"},"inLanguage":"es","potentialAction":[{"@type":"ReadAction","target":["https:\/\/www.dmlawusa.com\/es\/abogados-de-lesiones-personales\/abogados-de-accidentes-de-motocicleta\/"]}]},{"@type":"ImageObject","inLanguage":"es","@id":"https:\/\/www.dmlawusa.com\/es\/abogados-de-lesiones-personales\/abogados-de-accidentes-de-motocicleta\/#primaryimage","url":"https:\/\/www.dmlawusa.com\/wp-content\/uploads\/2023\/05\/motorcycle-accident.jpg","contentUrl":"https:\/\/www.dmlawusa.com\/wp-content\/uploads\/2023\/05\/motorcycle-accident.jpg","width":1920,"height":600,"caption":"motorcycle accident"},{"@type":"BreadcrumbList","@id":"https:\/\/www.dmlawusa.com\/es\/abogados-de-lesiones-personales\/abogados-de-accidentes-de-motocicleta\/#breadcrumb","itemListElement":[{"@type":"ListItem","position":1,"name":"Home","item":"https:\/\/www.dmlawusa.com\/es\/"},{"@type":"ListItem","position":2,"name":"Abogados de Lesiones Personales","item":"https:\/\/www.dmlawusa.com\/es\/abogados-de-lesiones-personales\/"},{"@type":"ListItem","position":3,"name":"Abogados de Accidentes de Motocicleta"}]},{"@type":"WebSite","@id":"https:\/\/www.dmlawusa.com\/es\/#website","url":"https:\/\/www.dmlawusa.com\/es\/","name":"DM Abogados de Lesiones","description":"Personal Injury Attorneys","publisher":{"@id":"https:\/\/www.dmlawusa.com\/es\/#organization"},"potentialAction":[{"@type":"SearchAction","target":{"@type":"EntryPoint","urlTemplate":"https:\/\/www.dmlawusa.com\/es\/?s={search_term_string}"},"query-input":{"@type":"PropertyValueSpecification","valueRequired":true,"valueName":"search_term_string"}}],"inLanguage":"es"},{"@type":"Organization","@id":"https:\/\/www.dmlawusa.com\/es\/#organization","name":"DM Abogados de Lesiones","url":"https:\/\/www.dmlawusa.com\/es\/","logo":{"@type":"ImageObject","inLanguage":"es","@id":"https:\/\/www.dmlawusa.com\/es\/#\/schema\/logo\/image\/","url":"https:\/\/www.dmlawusa.com\/wp-content\/uploads\/2024\/04\/DM_Injury-Law_5EB3E5-Reverse-V2-768x143-1.png","contentUrl":"https:\/\/www.dmlawusa.com\/wp-content\/uploads\/2024\/04\/DM_Injury-Law_5EB3E5-Reverse-V2-768x143-1.png","width":768,"height":143,"caption":"DM Abogados de Lesiones"},"image":{"@id":"https:\/\/www.dmlawusa.com\/es\/#\/schema\/logo\/image\/"}}]}},"_links":{"self":[{"href":"https:\/\/www.dmlawusa.com\/es\/wp-json\/wp\/v2\/pages\/1614","targetHints":{"allow":["GET"]}}],"collection":[{"href":"https:\/\/www.dmlawusa.com\/es\/wp-json\/wp\/v2\/pages"}],"about":[{"href":"https:\/\/www.dmlawusa.com\/es\/wp-json\/wp\/v2\/types\/page"}],"author":[{"embeddable":true,"href":"https:\/\/www.dmlawusa.com\/es\/wp-json\/wp\/v2\/users\/1"}],"replies":[{"embeddable":true,"href":"https:\/\/www.dmlawusa.com\/es\/wp-json\/wp\/v2\/comments?post=1614"}],"version-history":[{"count":0,"href":"https:\/\/www.dmlawusa.com\/es\/wp-json\/wp\/v2\/pages\/1614\/revisions"}],"up":[{"embeddable":true,"href":"https:\/\/www.dmlawusa.com\/es\/wp-json\/wp\/v2\/pages\/1634"}],"wp:featuredmedia":[{"embeddable":true,"href":"https:\/\/www.dmlawusa.com\/es\/wp-json\/wp\/v2\/media\/1441"}],"wp:attachment":[{"href":"https:\/\/www.dmlawusa.com\/es\/wp-json\/wp\/v2\/media?parent=1614"}],"curies":[{"name":"wp","href":"https:\/\/api.w.org\/{rel}","templated":true}]}}