{"id":1636,"date":"2025-08-27T13:56:47","date_gmt":"2025-08-27T18:56:47","guid":{"rendered":"https:\/\/www.dmlawusa.com\/personal-injury\/car-accidents\/"},"modified":"2025-09-24T15:40:39","modified_gmt":"2025-09-24T20:40:39","slug":"abogados-de-accidentes-de-auto","status":"publish","type":"page","link":"https:\/\/www.dmlawusa.com\/es\/abogados-de-lesiones-personales\/abogados-de-accidentes-de-auto\/","title":{"rendered":"Abogados de Accidentes de Auto"},"content":{"rendered":"\n<h1 class=\"wp-block-heading\">Abogados de Accidentes de Auto<\/h1>\n\n\n\n<p>Sufrir un accidente de auto puede tener un impacto permanente en su vida. Para obtener los mejores resultados posibles, acuda al equipo legal, altamente calificado, de DiPasquale Moore. Nuestros abogados de accidentes de auto en Kansas City, Missouri y Topeka, Kansas tienen m\u00e1s de 50 a\u00f1os de experiencia combinada y una trayectoria de \u00e9xito.<\/p>\n\n\n\n<p><strong>Manejamos todo tipo de accidentes de auto, incluyendo:<\/strong><\/p>\n\n\n\n<ul class=\"wp-block-list\">\n<li>Accidentes automovil\u00edsticos mortales<\/li>\n\n\n\n<li>Accidentes causados por conductores ebrios<\/li>\n\n\n\n<li>Accidentes de Uber y Lyft<\/li>\n\n\n\n<li>Accidentes seguidos de fuga<\/li>\n<\/ul>\n\n\n\n<p>Si usted trabaja con nosotros, llevaremos a cabo una investigaci\u00f3n de su accidente y reuniremos las evidencias necesarias. Nuestro papel es trabajar con diligencia en su caso para que usted pueda centrarse en su recuperaci\u00f3n.<\/p>\n\n\n\n<p>Si usted o un ser querido han sufrido un accidente de auto, es posible que tenga muchas preguntas. \u00bfQui\u00e9n es responsable por el accidente? \u00bfC\u00f3mo voy a pagar las facturas m\u00e9dicas? \u00bfDeber\u00eda aceptar el pago que me ofrece la compa\u00f1\u00eda de seguros? Durante este momento tan estresante, no se preocupe &#8211; DiPasquale Moore est\u00e1 aqu\u00ed para ayudarlo.<\/p>\n\n\n\n<p>Nuestra prioridad es responsabilizar a los conductores negligentes cuando sus acciones causan da\u00f1os a otros. Nuestros abogados de accidentes de auto en Kansas City y Topeka ofrecen consultas gratuitas para hablar sobre los detalles de su caso y trabajan con honorarios condicionales. Esto significa que usted no paga honorarios legales a no ser que consigamos una compensaci\u00f3n para usted. Nuestro bufete asumir\u00e1 los costos de los casos que no ganemos.<\/p>\n\n\n\n<p><strong>Si usted ha resultado herido en un accidente de auto, sepa que no est\u00e1 solo. Usted merece una compensaci\u00f3n por sus lesiones y da\u00f1os a su propiedad y nosotros estamos aqu\u00ed para ayudarlo.<\/strong><\/p>\n\n\n\n<div class=\"wp-block-group has-border-color has-blue-border-color is-layout-flow wp-block-group-is-layout-flow\" style=\"border-width:3px;padding-top:var(--wp--preset--spacing--50);padding-right:var(--wp--preset--spacing--50);padding-bottom:var(--wp--preset--spacing--50);padding-left:var(--wp--preset--spacing--50)\">\n<p class=\"has-text-align-center\"><strong><strong>Llame a DiPasquale Moore al&nbsp;<\/strong>(816) 888-7500&nbsp;<strong>para ver si usted es elegible para recibir una compensaci\u00f3n. \u00a1Estamos disponibles 24\/7!<\/strong><\/strong><\/p>\n<\/div>\n\n\n\n<h4 class=\"wp-block-heading has-blue-color has-text-color has-large-font-size\">Preguntas frecuentes sobre accidentes de auto<\/h4>\n\n\n\n<p><strong>\u00bfDe cu\u00e1nto tiempo dispongo para presentar una reclamaci\u00f3n por accidente de auto?<\/strong><\/p>\n\n\n\n<p>Como en cualquier otra demanda por lesiones personales, existe un l\u00edmite de tiempo para presentar una reclamaci\u00f3n tras sufrir un accidente de auto. Esto se conoce como Plazo de Prescripci\u00f3n. <\/p>\n\n\n\n<p>En Missouri, las v\u00edctimas de accidentes de auto disponen de cinco a\u00f1os para presentar una reclamaci\u00f3n. El reloj empieza a contar desde la fecha del accidente. En accidentes de auto mortales, la familia de la v\u00edctima solo dispone de tres a\u00f1os para presentar una demanda por&nbsp;<a href=\"https:\/\/www.dmlawusa.com\/es\/abogados-de-lesiones-personales\/lesiones-catastroficas\/abogados-de-muerte-por-negligencia\/\">muerte<\/a>&nbsp;por negligencia.<\/p>\n\n\n\n<p><strong>\u00bfDeber\u00eda acudir al m\u00e9dico tras un accidente de auto LEVE?<\/strong><\/p>\n\n\n\n<p>\u00a1S\u00ed! Muchas personas que sufren lesiones en accidentes de auto puede que no presenten s\u00edntomas hasta m\u00e1s tarde debido al shock y estr\u00e9s del accidente. Incluso peor, es posible que sufra lesiones internas y que no lo sepa. Ir al m\u00e9dico y someterse a un chequeo completo puede ser de gran ayuda para identificar cualquier problema que pueda surgir a ra\u00edz del accidente. Adem\u00e1s, documentar sus lesiones tambi\u00e9n beneficiar\u00e1 a su reclamaci\u00f3n.<\/p>\n\n\n\n<p><strong>\u00bfQu\u00e9 sucede si soy el pasajero en el auto que fue golpeado?<\/strong><\/p>\n\n\n\n<p>Si usted es el pasajero en el auto que sufri\u00f3 el golpe, puede que tenga derecho a presentar una reclamaci\u00f3n contra la compa\u00f1\u00eda de seguros del conductor culpable. Si el accidente fue causado por el conductor del auto en el que usted viajaba, puede exigir una compensaci\u00f3n a trav\u00e9s de la compa\u00f1\u00eda de seguros de este. Si el otro conductor fue el culpable, usted puede obtener una indemnizaci\u00f3n por parte de la compa\u00f1\u00eda de seguros del otro conductor. No obstante, tenga en cuenta que el n\u00famero total de personas presentando reclamaciones por el accidente puede limitar la suma de dinero que usted reciba.<\/p>\n\n\n\n<p><strong>\u00bfQu\u00e9 sucede si el conductor culpable no tiene seguro?<\/strong><\/p>\n\n\n\n<p>Aunque que es obligatorio por ley contar con seguro de auto, miles de conductores en Missouri no est\u00e1n asegurados actualmente. Sin embargo, esto no significa necesariamente que usted no pueda recibir una indemnizaci\u00f3n si es golpeado por alguien que&nbsp;no cuenta con seguro de auto. Si usted tiene cobertura contra conductores no asegurados (UM, por sus siglas en ingl\u00e9s) o contra conductores con seguro insuficiente (UIM, por sus siglas en ingl\u00e9s), es posible que pueda obtener una compensaci\u00f3n por parte de su propia compa\u00f1\u00eda de seguros. Si usted no tiene este tipo de cobertura, es posible demandar al conductor del otro auto.<\/p>\n\n\n\n<p><strong>\u00bfQu\u00e9 tipo de indemnizaci\u00f3n puedo cobrar tras sufrir un accidente de auto?<\/strong><\/p>\n\n\n\n<p>Una de las principales preguntas que usted tendr\u00e1 cuando acuda a DiPasquale Moore para recibir ayuda es: \u201c\u00bfQu\u00e9 tipo de compensaci\u00f3n puedo recibir tras presentar una reclamaci\u00f3n por accidente de auto?\u201d Las tres indemnizaciones m\u00e1s comunes est\u00e1n destinadas a cubrir gastos m\u00e9dicos, salarios perdidos y dolor y sufrimiento.<\/p>\n\n\n\n<h3 class=\"wp-block-heading has-blue-color has-text-color\">Gastos M\u00e9dicos<\/h3>\n\n\n\n<p>Quiz\u00e1s, este sea el tipo de indemnizaci\u00f3n m\u00e1s obvio. Dependiendo de la gravedad de sus lesiones, sus gastos m\u00e9dicos pueden incluir desde tratamientos en consultas externas, hasta cirug\u00edas m\u00e1s serias que requieran cuidados m\u00e9dicos prolongados.&nbsp;<strong>Sus gastos m\u00e9dicos pueden incluir:<\/strong><\/p>\n\n\n\n<ul class=\"wp-block-list\">\n<li>Costo de la ambulancia<\/li>\n\n\n\n<li>Servicios y cuidados m\u00e9dicos en el hogar<\/li>\n\n\n\n<li>Accesorios m\u00e9dicos, como muletas, sillas de ruedas y mantas el\u00e9ctricas<\/li>\n\n\n\n<li>Consultas m\u00e9dicas\n<ul class=\"wp-block-list\">\n<li>Salarios perdidos\/tiempo de trabajo perdido<\/li>\n<\/ul>\n<\/li>\n<\/ul>\n\n\n\n<p>Si sus lesiones le impiden trabajar o han disminuido su capacidad para regresar a su ocupaci\u00f3n, es posible recuperar una compensaci\u00f3n por los salarios perdidos. Usted debe demostrar exitosamente que las lesiones que ha sufrido han supuesto un impacto significativo en su capacidad para obtener ingresos en el futuro. El tribunal tendr\u00e1 en cuenta muchos factores, incluyendo su edad, ocupaci\u00f3n, experiencia y esperanza de vida.<\/p>\n\n\n\n<h2 class=\"wp-block-heading\">Dolor Y Sufrimiento<\/h2>\n\n\n\n<p>El dolor y sufrimiento se consideran como \u201cda\u00f1os generales\u201d y son da\u00f1os no econ\u00f3micos, por lo que no se pueden calcular de manera exacta. El t\u00e9rmino legal \u201cdolor y sufrimiento\u201d se utiliza para describir el estr\u00e9s emocional y la angustia causada por el accidente. Algunos ejemplos de dolor y sufrimiento son ataques de ansiedad, estr\u00e9s grave y el nivel de dolor padecido a causa de las lesiones.<\/p>\n\n\n\n<p><strong>C\u00f3mo demostrar la culpa en un caso de accidente de auto<\/strong><\/p>\n\n\n\n<p>Determinar la culpa normalmente significa demostrar que un conductor fue imprudente. Existen ciertas normas que todos los conductores deben respetar y esto es absolutamente crucial para la seguridad de todos.<\/p>\n\n\n\n<p>Si una violaci\u00f3n de estas normas caus\u00f3 el accidente, entonces la culpa del accidente es del conductor que viol\u00f3 dichas normas. Si la violaci\u00f3n es m\u00e1s leve, se aplicar\u00e1 el concepto legal de negligencia, es decir, el conductor que actu\u00f3 de manera imprudente ser\u00e1 considerado culpable.<\/p>\n\n\n\n<p><strong>Para demostrar la culpa, es necesario probar lo siguiente:<\/strong><\/p>\n\n\n\n<ul class=\"wp-block-list\">\n<li>El conductor deb\u00eda actuar con cuidado en esta situaci\u00f3n.<\/li>\n\n\n\n<li>El conductor no actu\u00f3 con cuidado razonable.<\/li>\n\n\n\n<li>Su imprudencia caus\u00f3 da\u00f1os a otros.<\/li>\n<\/ul>\n\n\n\n<p><strong>\u00bfQui\u00e9n tiene la culpa si un veh\u00edculo me golpe\u00f3 por detr\u00e1s?<\/strong><\/p>\n\n\n\n<p>Como norma general, el conductor del auto que se choca contra la parte trasera de otro auto es considerado culpable en un\u00a0<a href=\"https:\/\/www.dmlawusa.com\/personal-injury\/car-accidents\/rear-end-accidents\/\">accidente<\/a> trasero. Se asume que el conductor no pudo detenerse a tiempo porque no manejaba de manera segura. Sin embargo, dependiendo de los detalles del accidente, la responsabilidad puede demostrarse de diferentes maneras. Hablar con DiPasquale Moore es la mejor manera de determinar de qui\u00e9n es la culpa.<\/p>\n\n\n\n<p><strong>\u00bfQu\u00e9 sucede si el accidente de auto fue pr\u00e1cticamente mi culpa?<\/strong><\/p>\n\n\n\n<p>Aunque nosotros lucharemos por demostrar que usted no es el culpable de lo sucedido, puede que haya ciertas circunstancias en las que se pueda demostrar que usted contribuy\u00f3 en cierto modo al accidente de auto. Esto no significa que usted sea considerado responsable o que no se merezca una compensaci\u00f3n econ\u00f3mica por sus lesiones.<\/p>\n\n\n\n<p>La culpa y la responsabilidad funcionan demostrando qui\u00e9n tuvo&nbsp;<em>m\u00e1s<\/em>&nbsp;parte de culpa y decidir cu\u00e1l ser\u00e1 la compensaci\u00f3n a partir de ah\u00ed. Por ejemplo, si el accidente fue su culpa tan solo en un 10%, el otro conductor ser\u00e1 responsable de pagar por el 90% del costo total de las facturas m\u00e9dicas, salarios perdidos, dolor y sufrimiento, da\u00f1os emocionales y mucho m\u00e1s.<\/p>\n\n\n\n<p>Tras preparar su caso, presentaremos una reclamaci\u00f3n con la compa\u00f1\u00eda de seguros adecuada. Si el agente no est\u00e1 dispuesto a ofrecer una compensaci\u00f3n completa y justa, podemos negociar agresivamente un acuerdo con el que usted est\u00e9 satisfecho. Si no se puede alcanzar un acuerdo justo y su caso se lleva a los tribunales, usted puede estar seguro de que lucharemos por sus derechos y le representaremos con la m\u00e1xima profesionalidad.<\/p>\n\n\n\n<div class=\"wp-block-group has-border-color has-blue-border-color is-layout-flow wp-block-group-is-layout-flow\" style=\"border-width:3px;padding-top:var(--wp--preset--spacing--50);padding-right:var(--wp--preset--spacing--50);padding-bottom:var(--wp--preset--spacing--50);padding-left:var(--wp--preset--spacing--50)\">\n<p class=\"has-text-align-center\"><strong><strong><strong>Ll\u00e1menos hoy al&nbsp;(816) 888-7500&nbsp;si ha resultado herido en un accidente de auto. Nuestros abogados de accidentes de auto en Kansas City y Topeka de DiPasquale Moore estar\u00e1n encantados de revisar su caso de manera gratuita.<\/strong><\/strong><\/strong><\/p>\n<\/div>\n","protected":false},"excerpt":{"rendered":"<p>Abogados de Accidentes de Auto Sufrir un accidente de auto puede tener un impacto permanente en su vida.&nbsp;&#8230;<\/p>\n","protected":false},"author":1,"featured_media":1400,"parent":1634,"menu_order":0,"comment_status":"closed","ping_status":"closed","template":"page-practice-area","meta":{"_acf_changed":false,"footnotes":""},"class_list":["post-1636","page","type-page","status-publish","has-post-thumbnail","hentry"],"acf":[],"yoast_head":"<!-- This site is optimized with the Yoast SEO plugin v25.4 - https:\/\/yoast.com\/wordpress\/plugins\/seo\/ -->\n<title>Abogados de Accidentes Automovil\u00edsticos en Kansas City<\/title>\n<meta name=\"description\" content=\"Herido en un accidente automovil\u00edstico? Llame a nuestros abogados de accidentes automovil\u00edsticos en Kansas City, MO para una revisi\u00f3n GRATUITA de su caso. DiPasquale Moore ha ganado millones para las v\u00edctimas de accidentes automovil\u00edsticos.\" \/>\n<meta name=\"robots\" content=\"index, follow, max-snippet:-1, max-image-preview:large, max-video-preview:-1\" \/>\n<link rel=\"canonical\" href=\"https:\/\/www.dmlawusa.com\/es\/abogados-de-lesiones-personales\/abogados-de-accidentes-de-auto\/\" \/>\n<meta property=\"og:locale\" content=\"es_ES\" \/>\n<meta property=\"og:type\" content=\"article\" \/>\n<meta property=\"og:title\" content=\"Abogados de Accidentes Automovil\u00edsticos en Kansas City\" \/>\n<meta property=\"og:description\" content=\"Herido en un accidente automovil\u00edstico? Llame a nuestros abogados de accidentes automovil\u00edsticos en Kansas City, MO para una revisi\u00f3n GRATUITA de su caso. DiPasquale Moore ha ganado millones para las v\u00edctimas de accidentes automovil\u00edsticos.\" \/>\n<meta property=\"og:url\" content=\"https:\/\/www.dmlawusa.com\/es\/abogados-de-lesiones-personales\/abogados-de-accidentes-de-auto\/\" \/>\n<meta property=\"og:site_name\" content=\"DM Abogados de Lesiones\" \/>\n<meta property=\"article:modified_time\" content=\"2025-09-24T20:40:39+00:00\" \/>\n<meta property=\"og:image\" content=\"https:\/\/www.dmlawusa.com\/wp-content\/uploads\/2023\/05\/car-accident.jpg\" \/>\n\t<meta property=\"og:image:width\" content=\"1920\" \/>\n\t<meta property=\"og:image:height\" content=\"600\" \/>\n\t<meta property=\"og:image:type\" content=\"image\/jpeg\" \/>\n<meta name=\"twitter:card\" content=\"summary_large_image\" \/>\n<meta name=\"twitter:label1\" content=\"Tiempo de lectura\" \/>\n\t<meta name=\"twitter:data1\" content=\"7 minutos\" \/>\n<script type=\"application\/ld+json\" class=\"yoast-schema-graph\">{\"@context\":\"https:\/\/schema.org\",\"@graph\":[{\"@type\":\"WebPage\",\"@id\":\"https:\/\/www.dmlawusa.com\/es\/abogados-de-lesiones-personales\/abogados-de-accidentes-de-auto\/\",\"url\":\"https:\/\/www.dmlawusa.com\/es\/abogados-de-lesiones-personales\/abogados-de-accidentes-de-auto\/\",\"name\":\"Abogados de Accidentes Automovil\u00edsticos en Kansas City\",\"isPartOf\":{\"@id\":\"https:\/\/www.dmlawusa.com\/es\/#website\"},\"primaryImageOfPage\":{\"@id\":\"https:\/\/www.dmlawusa.com\/es\/abogados-de-lesiones-personales\/abogados-de-accidentes-de-auto\/#primaryimage\"},\"image\":{\"@id\":\"https:\/\/www.dmlawusa.com\/es\/abogados-de-lesiones-personales\/abogados-de-accidentes-de-auto\/#primaryimage\"},\"thumbnailUrl\":\"https:\/\/www.dmlawusa.com\/wp-content\/uploads\/2023\/05\/car-accident.jpg\",\"datePublished\":\"2025-08-27T18:56:47+00:00\",\"dateModified\":\"2025-09-24T20:40:39+00:00\",\"description\":\"Herido en un accidente automovil\u00edstico? Llame a nuestros abogados de accidentes automovil\u00edsticos en Kansas City, MO para una revisi\u00f3n GRATUITA de su caso. DiPasquale Moore ha ganado millones para las v\u00edctimas de accidentes automovil\u00edsticos.\",\"breadcrumb\":{\"@id\":\"https:\/\/www.dmlawusa.com\/es\/abogados-de-lesiones-personales\/abogados-de-accidentes-de-auto\/#breadcrumb\"},\"inLanguage\":\"es\",\"potentialAction\":[{\"@type\":\"ReadAction\",\"target\":[\"https:\/\/www.dmlawusa.com\/es\/abogados-de-lesiones-personales\/abogados-de-accidentes-de-auto\/\"]}]},{\"@type\":\"ImageObject\",\"inLanguage\":\"es\",\"@id\":\"https:\/\/www.dmlawusa.com\/es\/abogados-de-lesiones-personales\/abogados-de-accidentes-de-auto\/#primaryimage\",\"url\":\"https:\/\/www.dmlawusa.com\/wp-content\/uploads\/2023\/05\/car-accident.jpg\",\"contentUrl\":\"https:\/\/www.dmlawusa.com\/wp-content\/uploads\/2023\/05\/car-accident.jpg\",\"width\":1920,\"height\":600,\"caption\":\"car accident\"},{\"@type\":\"BreadcrumbList\",\"@id\":\"https:\/\/www.dmlawusa.com\/es\/abogados-de-lesiones-personales\/abogados-de-accidentes-de-auto\/#breadcrumb\",\"itemListElement\":[{\"@type\":\"ListItem\",\"position\":1,\"name\":\"Home\",\"item\":\"https:\/\/www.dmlawusa.com\/es\/\"},{\"@type\":\"ListItem\",\"position\":2,\"name\":\"Abogados de Lesiones Personales\",\"item\":\"https:\/\/www.dmlawusa.com\/es\/abogados-de-lesiones-personales\/\"},{\"@type\":\"ListItem\",\"position\":3,\"name\":\"Abogados de Accidentes de Auto\"}]},{\"@type\":\"WebSite\",\"@id\":\"https:\/\/www.dmlawusa.com\/es\/#website\",\"url\":\"https:\/\/www.dmlawusa.com\/es\/\",\"name\":\"DM Abogados de Lesiones\",\"description\":\"Personal Injury Attorneys\",\"publisher\":{\"@id\":\"https:\/\/www.dmlawusa.com\/es\/#organization\"},\"potentialAction\":[{\"@type\":\"SearchAction\",\"target\":{\"@type\":\"EntryPoint\",\"urlTemplate\":\"https:\/\/www.dmlawusa.com\/es\/?s={search_term_string}\"},\"query-input\":{\"@type\":\"PropertyValueSpecification\",\"valueRequired\":true,\"valueName\":\"search_term_string\"}}],\"inLanguage\":\"es\"},{\"@type\":\"Organization\",\"@id\":\"https:\/\/www.dmlawusa.com\/es\/#organization\",\"name\":\"DM Abogados de Lesiones\",\"url\":\"https:\/\/www.dmlawusa.com\/es\/\",\"logo\":{\"@type\":\"ImageObject\",\"inLanguage\":\"es\",\"@id\":\"https:\/\/www.dmlawusa.com\/es\/#\/schema\/logo\/image\/\",\"url\":\"https:\/\/www.dmlawusa.com\/wp-content\/uploads\/2024\/04\/DM_Injury-Law_5EB3E5-Reverse-V2-768x143-1.png\",\"contentUrl\":\"https:\/\/www.dmlawusa.com\/wp-content\/uploads\/2024\/04\/DM_Injury-Law_5EB3E5-Reverse-V2-768x143-1.png\",\"width\":768,\"height\":143,\"caption\":\"DM Abogados de Lesiones\"},\"image\":{\"@id\":\"https:\/\/www.dmlawusa.com\/es\/#\/schema\/logo\/image\/\"}}]}<\/script>\n<!-- \/ Yoast SEO plugin. -->","yoast_head_json":{"title":"Abogados de Accidentes Automovil\u00edsticos en Kansas City","description":"Herido en un accidente automovil\u00edstico? Llame a nuestros abogados de accidentes automovil\u00edsticos en Kansas City, MO para una revisi\u00f3n GRATUITA de su caso. DiPasquale Moore ha ganado millones para las v\u00edctimas de accidentes automovil\u00edsticos.","robots":{"index":"index","follow":"follow","max-snippet":"max-snippet:-1","max-image-preview":"max-image-preview:large","max-video-preview":"max-video-preview:-1"},"canonical":"https:\/\/www.dmlawusa.com\/es\/abogados-de-lesiones-personales\/abogados-de-accidentes-de-auto\/","og_locale":"es_ES","og_type":"article","og_title":"Abogados de Accidentes Automovil\u00edsticos en Kansas City","og_description":"Herido en un accidente automovil\u00edstico? Llame a nuestros abogados de accidentes automovil\u00edsticos en Kansas City, MO para una revisi\u00f3n GRATUITA de su caso. DiPasquale Moore ha ganado millones para las v\u00edctimas de accidentes automovil\u00edsticos.","og_url":"https:\/\/www.dmlawusa.com\/es\/abogados-de-lesiones-personales\/abogados-de-accidentes-de-auto\/","og_site_name":"DM Abogados de Lesiones","article_modified_time":"2025-09-24T20:40:39+00:00","og_image":[{"width":1920,"height":600,"url":"https:\/\/www.dmlawusa.com\/wp-content\/uploads\/2023\/05\/car-accident.jpg","type":"image\/jpeg"}],"twitter_card":"summary_large_image","twitter_misc":{"Tiempo de lectura":"7 minutos"},"schema":{"@context":"https:\/\/schema.org","@graph":[{"@type":"WebPage","@id":"https:\/\/www.dmlawusa.com\/es\/abogados-de-lesiones-personales\/abogados-de-accidentes-de-auto\/","url":"https:\/\/www.dmlawusa.com\/es\/abogados-de-lesiones-personales\/abogados-de-accidentes-de-auto\/","name":"Abogados de Accidentes Automovil\u00edsticos en Kansas City","isPartOf":{"@id":"https:\/\/www.dmlawusa.com\/es\/#website"},"primaryImageOfPage":{"@id":"https:\/\/www.dmlawusa.com\/es\/abogados-de-lesiones-personales\/abogados-de-accidentes-de-auto\/#primaryimage"},"image":{"@id":"https:\/\/www.dmlawusa.com\/es\/abogados-de-lesiones-personales\/abogados-de-accidentes-de-auto\/#primaryimage"},"thumbnailUrl":"https:\/\/www.dmlawusa.com\/wp-content\/uploads\/2023\/05\/car-accident.jpg","datePublished":"2025-08-27T18:56:47+00:00","dateModified":"2025-09-24T20:40:39+00:00","description":"Herido en un accidente automovil\u00edstico? Llame a nuestros abogados de accidentes automovil\u00edsticos en Kansas City, MO para una revisi\u00f3n GRATUITA de su caso. DiPasquale Moore ha ganado millones para las v\u00edctimas de accidentes automovil\u00edsticos.","breadcrumb":{"@id":"https:\/\/www.dmlawusa.com\/es\/abogados-de-lesiones-personales\/abogados-de-accidentes-de-auto\/#breadcrumb"},"inLanguage":"es","potentialAction":[{"@type":"ReadAction","target":["https:\/\/www.dmlawusa.com\/es\/abogados-de-lesiones-personales\/abogados-de-accidentes-de-auto\/"]}]},{"@type":"ImageObject","inLanguage":"es","@id":"https:\/\/www.dmlawusa.com\/es\/abogados-de-lesiones-personales\/abogados-de-accidentes-de-auto\/#primaryimage","url":"https:\/\/www.dmlawusa.com\/wp-content\/uploads\/2023\/05\/car-accident.jpg","contentUrl":"https:\/\/www.dmlawusa.com\/wp-content\/uploads\/2023\/05\/car-accident.jpg","width":1920,"height":600,"caption":"car accident"},{"@type":"BreadcrumbList","@id":"https:\/\/www.dmlawusa.com\/es\/abogados-de-lesiones-personales\/abogados-de-accidentes-de-auto\/#breadcrumb","itemListElement":[{"@type":"ListItem","position":1,"name":"Home","item":"https:\/\/www.dmlawusa.com\/es\/"},{"@type":"ListItem","position":2,"name":"Abogados de Lesiones Personales","item":"https:\/\/www.dmlawusa.com\/es\/abogados-de-lesiones-personales\/"},{"@type":"ListItem","position":3,"name":"Abogados de Accidentes de Auto"}]},{"@type":"WebSite","@id":"https:\/\/www.dmlawusa.com\/es\/#website","url":"https:\/\/www.dmlawusa.com\/es\/","name":"DM Abogados de Lesiones","description":"Personal Injury Attorneys","publisher":{"@id":"https:\/\/www.dmlawusa.com\/es\/#organization"},"potentialAction":[{"@type":"SearchAction","target":{"@type":"EntryPoint","urlTemplate":"https:\/\/www.dmlawusa.com\/es\/?s={search_term_string}"},"query-input":{"@type":"PropertyValueSpecification","valueRequired":true,"valueName":"search_term_string"}}],"inLanguage":"es"},{"@type":"Organization","@id":"https:\/\/www.dmlawusa.com\/es\/#organization","name":"DM Abogados de Lesiones","url":"https:\/\/www.dmlawusa.com\/es\/","logo":{"@type":"ImageObject","inLanguage":"es","@id":"https:\/\/www.dmlawusa.com\/es\/#\/schema\/logo\/image\/","url":"https:\/\/www.dmlawusa.com\/wp-content\/uploads\/2024\/04\/DM_Injury-Law_5EB3E5-Reverse-V2-768x143-1.png","contentUrl":"https:\/\/www.dmlawusa.com\/wp-content\/uploads\/2024\/04\/DM_Injury-Law_5EB3E5-Reverse-V2-768x143-1.png","width":768,"height":143,"caption":"DM Abogados de Lesiones"},"image":{"@id":"https:\/\/www.dmlawusa.com\/es\/#\/schema\/logo\/image\/"}}]}},"_links":{"self":[{"href":"https:\/\/www.dmlawusa.com\/es\/wp-json\/wp\/v2\/pages\/1636","targetHints":{"allow":["GET"]}}],"collection":[{"href":"https:\/\/www.dmlawusa.com\/es\/wp-json\/wp\/v2\/pages"}],"about":[{"href":"https:\/\/www.dmlawusa.com\/es\/wp-json\/wp\/v2\/types\/page"}],"author":[{"embeddable":true,"href":"https:\/\/www.dmlawusa.com\/es\/wp-json\/wp\/v2\/users\/1"}],"replies":[{"embeddable":true,"href":"https:\/\/www.dmlawusa.com\/es\/wp-json\/wp\/v2\/comments?post=1636"}],"version-history":[{"count":0,"href":"https:\/\/www.dmlawusa.com\/es\/wp-json\/wp\/v2\/pages\/1636\/revisions"}],"up":[{"embeddable":true,"href":"https:\/\/www.dmlawusa.com\/es\/wp-json\/wp\/v2\/pages\/1634"}],"wp:featuredmedia":[{"embeddable":true,"href":"https:\/\/www.dmlawusa.com\/es\/wp-json\/wp\/v2\/media\/1400"}],"wp:attachment":[{"href":"https:\/\/www.dmlawusa.com\/es\/wp-json\/wp\/v2\/media?parent=1636"}],"curies":[{"name":"wp","href":"https:\/\/api.w.org\/{rel}","templated":true}]}}